{"id":1165,"date":"2025-04-23T09:56:20","date_gmt":"2025-04-23T09:56:20","guid":{"rendered":"https:\/\/vapesaler.com\/?post_type=product&#038;p=1165"},"modified":"2025-04-28T09:31:44","modified_gmt":"2025-04-28T09:31:44","slug":"bang-leader-dual-flavors-45000-puffs-2-in-1-vape","status":"publish","type":"product","link":"https:\/\/vapesaler.com\/de\/produkt\/bang-fuhrer-dual-aromen-45000-puffs-2-in-1-vape","title":{"rendered":"Bang Leader Dual Aromen 45000 Puffs 2 in 1 Vape"},"content":{"rendered":"<p>Bang Leader Dual Flavor 45000 Puffs 2 in 1 Vape ist ein sehr erschwinglich Einweg vape. Es kommt mit Dual-Aromen, die leicht zwischen den Aromen, indem Sie das Mundst\u00fcck links oder right.it ist auch ein Affe vape mit einem Affen Muster, 18ml + 18ml hochwertige Fl\u00fcssigkeit und eine leistungsstarke 650mAh Batterie umgeschaltet werden kann.<\/p>\n<p>Bang Leader 45000 Puffs Gradient Design, bunte Farben und ovale Form machen das Produkt kompakt und exquisit. Es gibt eine \u00d6lstandsanzeige auf jeder Seite des Bodens, so dass der starke Fruchtgeschmack ein angenehmes Gef\u00fchl von S\u00fc\u00dfe und K\u00fchle zu bringen. Lassen Sie die Kunden rauchen, wie sie wollen, ohne sich m\u00fcde zu f\u00fchlen.<\/p>\n<p>Wir verwenden 10 St\u00fcck in einer Schachtel, um mit der Bestellung zu beginnen, wodurch die Kunden noch mehr Geld sparen k\u00f6nnen. Lassen Sie Kunden mehr kosteneffektiv!<\/p>\n<h2><strong>Bang Leader Dual Aromen 45000 Puffs 2 in 1 Vape Schnelle Details<\/strong><\/h2>\n<p><img decoding=\"async\" class=\"alignright wp-image-1191\" title=\"Bang Leader doppelte Geschmacksrichtungen 45000 Puffs monkey vape\" src=\"https:\/\/vapesaler.com\/wp-content\/uploads\/2025\/04\/Bang-Leader-dual-flavors-45000-Puffs-monkey-vape-300x300.jpg\" alt=\"Bang Leader doppelte Geschmacksrichtungen 45000 Puffs monkey vape\" width=\"500\" height=\"500\" srcset=\"https:\/\/vapesaler.com\/wp-content\/uploads\/2025\/04\/Bang-Leader-dual-flavors-45000-Puffs-monkey-vape-300x300.jpg 300w, https:\/\/vapesaler.com\/wp-content\/uploads\/2025\/04\/Bang-Leader-dual-flavors-45000-Puffs-monkey-vape-150x150.jpg 150w, https:\/\/vapesaler.com\/wp-content\/uploads\/2025\/04\/Bang-Leader-dual-flavors-45000-Puffs-monkey-vape-768x768.jpg 768w, https:\/\/vapesaler.com\/wp-content\/uploads\/2025\/04\/Bang-Leader-dual-flavors-45000-Puffs-monkey-vape-12x12.jpg 12w, https:\/\/vapesaler.com\/wp-content\/uploads\/2025\/04\/Bang-Leader-dual-flavors-45000-Puffs-monkey-vape-510x510.jpg 510w, https:\/\/vapesaler.com\/wp-content\/uploads\/2025\/04\/Bang-Leader-dual-flavors-45000-Puffs-monkey-vape-100x100.jpg 100w, https:\/\/vapesaler.com\/wp-content\/uploads\/2025\/04\/Bang-Leader-dual-flavors-45000-Puffs-monkey-vape.jpg 1000w\" sizes=\"(max-width: 500px) 100vw, 500px\" \/><\/p>\n<ul>\n<li>Puffs:40000Puffs<\/li>\n<li>Batteriekapazit\u00e4t:650mAh<\/li>\n<li>E-Liquid Volumen: 18ml*2<\/li>\n<li>Nikotingehalt: 0\/20\/50mg<\/li>\n<li>Fraktion\uff1aDoppelte Geschmacksrichtungen\/Kippschalter<\/li>\n<li>Verpackung: 10 St\u00fcck in 1 Displaykarton<\/li>\n<li>C-Typ Wiederaufladbar<\/li>\n<li>Auflade- und E-Liquid-Anzeige<\/li>\n<li>Widerstand des Heizdrahtes: Dual 1.0Q Maschenkern<\/li>\n<\/ul>\n<h2><strong>Geschmacksliste<\/strong><\/h2>\n<ol>\n<li>Wassermeloneneis\/Blaubeer-Minze<\/li>\n<li>Wassermelone\/Blaubeere-Kirsche<\/li>\n<li>Heidelbeereis\/Pfirsich-Mango-Wassermelone<\/li>\n<li>Heidelbeereis\/Pfirsicheis<\/li>\n<li>Heidelbeere-Himbeere\/Mischbeere<\/li>\n<li>Heidelbeer-Himbeer-Trauben-Eis<\/li>\n<li>Roter Stier\/Erdbeer-Banane<\/li>\n<li>Red Bull\/Blaubeere-Wassermelone<\/li>\n<li>Erdbeer-Mango\/Wassermelone-Kaugummi<\/li>\n<li>Erdbeer-Mango\/Erdbeer-Kiwi<\/li>\n<li>erdbeer-wassermelone\/schwarzer drache eis<\/li>\n<li>Erdbeere Wassermelone\/Kiwi Passionsfrucht Guave<\/li>\n<\/ol>\n<h2><strong>Packung Inhalt<\/strong><\/h2>\n<ul>\n<li>10 St\u00fcck \/mittlerer Karton<\/li>\n<li>100 St\u00fcck\/Karton<\/li>\n<\/ul>\n<p><img decoding=\"async\" class=\"aligncenter wp-image-1192 size-full\" title=\"Bang Leader Doppelgeschmacksrichtungen 45000 Puffs\" src=\"https:\/\/vapesaler.com\/wp-content\/uploads\/2025\/04\/Bang-Leader-dual-flavors-45000-Puffs.jpg\" alt=\"Bang Leader Doppelgeschmacksrichtungen 45000 Puffs\" width=\"1039\" height=\"560\" srcset=\"https:\/\/vapesaler.com\/wp-content\/uploads\/2025\/04\/Bang-Leader-dual-flavors-45000-Puffs.jpg 1039w, https:\/\/vapesaler.com\/wp-content\/uploads\/2025\/04\/Bang-Leader-dual-flavors-45000-Puffs-300x162.jpg 300w, https:\/\/vapesaler.com\/wp-content\/uploads\/2025\/04\/Bang-Leader-dual-flavors-45000-Puffs-1024x552.jpg 1024w, https:\/\/vapesaler.com\/wp-content\/uploads\/2025\/04\/Bang-Leader-dual-flavors-45000-Puffs-768x414.jpg 768w, https:\/\/vapesaler.com\/wp-content\/uploads\/2025\/04\/Bang-Leader-dual-flavors-45000-Puffs-18x10.jpg 18w, https:\/\/vapesaler.com\/wp-content\/uploads\/2025\/04\/Bang-Leader-dual-flavors-45000-Puffs-510x275.jpg 510w\" sizes=\"(max-width: 1039px) 100vw, 1039px\" \/><\/p>","protected":false},"excerpt":{"rendered":"<p>Bang Leader Dual Flavor 45000 Puffs 2 in 1 Vape is a highly affordable disposable vape. It comes with dual flavors that can be easily switched between flavors by flicking the mouthpiece left or right.It is also a monkey vape with a monkey pattern, 18ml+18ml high quality liquid and a powerful 650mAh battery. Bang Leader [&#8230;]\n","protected":false},"featured_media":1166,"comment_status":"open","ping_status":"closed","template":"","meta":{"om_disable_all_campaigns":false},"product_brand":[81],"product_cat":[105],"product_tag":[212,50,79],"class_list":{"0":"post-1165","1":"product","2":"type-product","3":"status-publish","4":"has-post-thumbnail","6":"product_brand-bang","7":"product_cat-dual-flavour","8":"product_tag-45000puffs","9":"product_tag-disposable-vape","10":"product_tag-dual-favour","11":"pa_flavor-blueberry-ice-black-dragon-ice","12":"pa_flavor-blueberry-ice-strawberry-banana","13":"pa_flavor-blueberry-raspberry-peach-mango-watermelon","14":"pa_flavor-blueberry-watermelon-strawberry-mango","15":"pa_flavor-cola-ice-cherry-cranberry","16":"pa_flavor-pineapple-ice-triple-mango","17":"pa_flavor-red-bull-blueberry-watermelon-2","18":"pa_flavor-red-bull-watermelon-bubble-candy","19":"pa_flavor-strawberry-kiwi-peach-ice","20":"pa_flavor-strawberry-watermelon-grape-ice","21":"pa_flavor-strawberry-watermelon-kiwi-passion-fruit-guava-2","22":"pa_flavor-watermelon-ice-strawberry-mango","23":"pa_nicotine-0mg","24":"pa_nicotine-20mg","25":"pa_nicotine-50mg","26":"pa_puffs-45000-puffs","28":"first","29":"instock","30":"shipping-taxable","31":"purchasable","32":"product-type-variable"},"aioseo_notices":[],"_links":{"self":[{"href":"https:\/\/vapesaler.com\/de\/wp-json\/wp\/v2\/product\/1165","targetHints":{"allow":["GET"]}}],"collection":[{"href":"https:\/\/vapesaler.com\/de\/wp-json\/wp\/v2\/product"}],"about":[{"href":"https:\/\/vapesaler.com\/de\/wp-json\/wp\/v2\/types\/product"}],"replies":[{"embeddable":true,"href":"https:\/\/vapesaler.com\/de\/wp-json\/wp\/v2\/comments?post=1165"}],"wp:featuredmedia":[{"embeddable":true,"href":"https:\/\/vapesaler.com\/de\/wp-json\/wp\/v2\/media\/1166"}],"wp:attachment":[{"href":"https:\/\/vapesaler.com\/de\/wp-json\/wp\/v2\/media?parent=1165"}],"wp:term":[{"taxonomy":"product_brand","embeddable":true,"href":"https:\/\/vapesaler.com\/de\/wp-json\/wp\/v2\/product_brand?post=1165"},{"taxonomy":"product_cat","embeddable":true,"href":"https:\/\/vapesaler.com\/de\/wp-json\/wp\/v2\/product_cat?post=1165"},{"taxonomy":"product_tag","embeddable":true,"href":"https:\/\/vapesaler.com\/de\/wp-json\/wp\/v2\/product_tag?post=1165"}],"curies":[{"name":"wp","href":"https:\/\/api.w.org\/{rel}","templated":true}]}}