{"id":1074,"date":"2025-04-21T09:25:40","date_gmt":"2025-04-21T09:25:40","guid":{"rendered":"https:\/\/vapesaler.com\/?post_type=product&#038;p=1074"},"modified":"2025-04-28T09:28:08","modified_gmt":"2025-04-28T09:28:08","slug":"bangking-triple-3-in-1-flavors-45000-puffs-disposable-vape","status":"publish","type":"product","link":"https:\/\/vapesaler.com\/de\/produkt\/bangking-dreifach-3-in-1-aromen-45000-puffs-einweg-vape","title":{"rendered":"BangKing Triple 3 in 1 Geschmacksrichtungen 45000 Puffs Einweg Vape"},"content":{"rendered":"<p>BangKing Triple 3 in 1 Flavors 45000 Puffs Disposable Vape ist ein neues Drei-Geschmack-in-einem Einwegprodukt von <a href=\"https:\/\/vapesaler.com\/de\/brands\/bangking\/\">Bangking<\/a>. Jedes Produkt enth\u00e4lt drei Fl\u00fcssigkeitsf\u00e4cher, und das Mundst\u00fcck ist als gro\u00dfer Drehschalter konzipiert, der es einfach macht, zwischen verschiedenen Geschmacksrichtungen zu wechseln.<br \/>\nDas Design des BangKing Triple zeichnet sich durch ein minimalistisches zylindrisches Design aus, das das Gef\u00fchl des gesamten Produkts in der Hand verbessert. Die allgemeine Verwendung von Farbverlauf Malerei Prozess, der oberen und unteren Farb\u00fcbergang ist sehr nat\u00fcrlich.<br \/>\nDieses Mal wurde auch eine neue Anpassung des Geschmacks vorgenommen, indem eine Vielzahl von Fruchtkompositionen verwendet wurde, um die Saftigkeit des Rauchs zu verbessern. Macht den Mund Geschmack mehr voll und stark<br \/>\nDie Leistung ist immer noch die gleiche wie immer hochpreisigen Design, 3 * 15ML insgesamt 45ML Fl\u00fcssigkeitskapazit\u00e4t, gepaart mit 650mAh Batteriekapazit\u00e4t, k\u00f6nnen die Verbraucher mehr als eine Woche zu verwenden.<\/p>\n<h2><strong>BangKing Triple 3 in 1 Aromen 45000 Puffs Einweg VapeQuick Details<\/strong><\/h2>\n<p><img decoding=\"async\" class=\"wp-image-1097 alignright\" title=\"Bangking dreifach 45000 Puffs vape\" src=\"https:\/\/vapesaler.com\/wp-content\/uploads\/2025\/04\/Bangking-triple-45000-Puffs-vape-300x300.jpg\" alt=\"Bangking dreifach 45000 Puffs vape\" width=\"500\" height=\"500\" srcset=\"https:\/\/vapesaler.com\/wp-content\/uploads\/2025\/04\/Bangking-triple-45000-Puffs-vape-300x300.jpg 300w, https:\/\/vapesaler.com\/wp-content\/uploads\/2025\/04\/Bangking-triple-45000-Puffs-vape-150x150.jpg 150w, https:\/\/vapesaler.com\/wp-content\/uploads\/2025\/04\/Bangking-triple-45000-Puffs-vape-768x768.jpg 768w, https:\/\/vapesaler.com\/wp-content\/uploads\/2025\/04\/Bangking-triple-45000-Puffs-vape-12x12.jpg 12w, https:\/\/vapesaler.com\/wp-content\/uploads\/2025\/04\/Bangking-triple-45000-Puffs-vape-510x510.jpg 510w, https:\/\/vapesaler.com\/wp-content\/uploads\/2025\/04\/Bangking-triple-45000-Puffs-vape-100x100.jpg 100w, https:\/\/vapesaler.com\/wp-content\/uploads\/2025\/04\/Bangking-triple-45000-Puffs-vape.jpg 800w\" sizes=\"(max-width: 500px) 100vw, 500px\" \/><\/p>\n<ul>\n<li>Puffs: 3*15000\uff0845000\uff09 Puffs<\/li>\n<li>Akku-Kapazit\u00e4t: 650mAh<\/li>\n<li>E-Liquid Volumen: 45ml<\/li>\n<li>Nikotingehalt: 0\/20\/50mg<\/li>\n<li>Verpackung: 10 St\u00fcck in 1 mittelgro\u00dfen Schachtel<\/li>\n<li>\n<div>C-Typ Wiederaufladbar<\/div>\n<\/li>\n<li>\n<div>Dreifache Geschmacksrichtungen<\/div>\n<\/li>\n<li>Widerstand des Heizdrahtes: Maschenspule<\/li>\n<\/ul>\n<h2><strong>Geschmacksliste<\/strong><\/h2>\n<ol>\n<li><strong>Wassermelone &amp; Red Bull &amp; Erdbeer-Kiwi<\/strong><\/li>\n<li><strong>Zitrone-Limette-Erdbeere-Wassermelone-Blaubeere-Eis<\/strong><\/li>\n<li><strong>Erdbeere Banane &amp; Himbeere Wassermelone &amp; Zitrone Limette<\/strong><\/li>\n<li><strong>Erdbeer-Kiwi &amp; Saure Mango-Ananas &amp; Red Bull<\/strong><\/li>\n<li><strong>Tropische Fr\u00fcchte &amp; Erdbeere Wassermelone &amp; Zitrone Pfirsich<\/strong><\/li>\n<li><strong>Ananas-Kokosnuss &amp; Erdbeer-Banane &amp; Blue Razz<\/strong><\/li>\n<li><strong>Erdbeere-Himbeere &amp; Dreifache Melone &amp; Saure Mango-Ananas<\/strong><\/li>\n<li><strong>Himbeere Wassermelone &amp; Mango Pfirsich &amp; Erdbeere Kiwi<\/strong><\/li>\n<li><strong>Erdbeer-Vanille-Cola &amp; Heidelbeer-Himbeer &amp; Zitrone-Limette<\/strong><\/li>\n<li><strong>Wassermelone-Erdbeer-Eiscreme &amp; Dreifach-Melone<\/strong><\/li>\n<\/ol>\n<h2><strong>Packung Inhalt<\/strong><\/h2>\n<ul>\n<li>Produktgewicht: 140g\/St\u00fcck<\/li>\n<li>Produktgr\u00f6\u00dfe: 47*47*161mm<\/li>\n<li>MENGE: 10 St\u00fcck\/Karton<\/li>\n<li>Gewicht: 21 kg<\/li>\n<\/ul>","protected":false},"excerpt":{"rendered":"<p>BangKing Triple 3 in 1 Flavors 45000 Puffs Disposable Vape is a new three-flavor-in-one disposable from Bangking. Each product contains three liquid compartments, and the mouthpiece is designed as a large rotary switch that makes it easy to switch between different flavors. The design of the BangKing Triple features a minimalist cylindrical design that enhances [&#8230;]\n","protected":false},"featured_media":1075,"comment_status":"open","ping_status":"closed","template":"","meta":{"om_disable_all_campaigns":false},"product_brand":[36],"product_cat":[105],"product_tag":[],"class_list":{"0":"post-1074","1":"product","2":"type-product","3":"status-publish","4":"has-post-thumbnail","6":"product_brand-bangking","7":"product_cat-dual-flavour","8":"pa_flavor-lemon-lime-strawberry-watermelon-blueberry-ice","9":"pa_flavor-pineapple-coconut-strawberry-banana-blue-razz","10":"pa_flavor-raspberry-watermelon-mango-peach-strawberry-kiwi","11":"pa_flavor-strawberry-banana-raspberry-watermelon-lemon-lime","12":"pa_flavor-strawberry-kiwi-sour-mango-pineapple-red-bull","13":"pa_flavor-strawberry-raspberry-triple-melon-sour-mango-pineapple","14":"pa_flavor-strawberry-vanilla-coke-blueberry-raspberry-lemon-lime","15":"pa_flavor-tropical-fruit-strawberry-watermelon-lemon-peach","16":"pa_flavor-watermelon-red-bull-strawberry-kiwi","17":"pa_flavor-watermelon-strawberry-ice-cream-triple-melon","18":"pa_nicotine-0mg","19":"pa_nicotine-20mg","20":"pa_nicotine-50mg","21":"pa_puffs-45000-puffs","23":"first","24":"instock","25":"shipping-taxable","26":"purchasable","27":"product-type-variable"},"aioseo_notices":[],"_links":{"self":[{"href":"https:\/\/vapesaler.com\/de\/wp-json\/wp\/v2\/product\/1074","targetHints":{"allow":["GET"]}}],"collection":[{"href":"https:\/\/vapesaler.com\/de\/wp-json\/wp\/v2\/product"}],"about":[{"href":"https:\/\/vapesaler.com\/de\/wp-json\/wp\/v2\/types\/product"}],"replies":[{"embeddable":true,"href":"https:\/\/vapesaler.com\/de\/wp-json\/wp\/v2\/comments?post=1074"}],"wp:featuredmedia":[{"embeddable":true,"href":"https:\/\/vapesaler.com\/de\/wp-json\/wp\/v2\/media\/1075"}],"wp:attachment":[{"href":"https:\/\/vapesaler.com\/de\/wp-json\/wp\/v2\/media?parent=1074"}],"wp:term":[{"taxonomy":"product_brand","embeddable":true,"href":"https:\/\/vapesaler.com\/de\/wp-json\/wp\/v2\/product_brand?post=1074"},{"taxonomy":"product_cat","embeddable":true,"href":"https:\/\/vapesaler.com\/de\/wp-json\/wp\/v2\/product_cat?post=1074"},{"taxonomy":"product_tag","embeddable":true,"href":"https:\/\/vapesaler.com\/de\/wp-json\/wp\/v2\/product_tag?post=1074"}],"curies":[{"name":"wp","href":"https:\/\/api.w.org\/{rel}","templated":true}]}}