{"id":444,"date":"2025-03-18T06:47:35","date_gmt":"2025-03-18T06:47:35","guid":{"rendered":"https:\/\/vapesaler.com\/?page_id=444"},"modified":"2025-05-18T03:33:20","modified_gmt":"2025-05-18T03:33:20","slug":"payment-info","status":"publish","type":"page","link":"https:\/\/vapesaler.com\/de\/unterstutzung\/zahlungsinformationen","title":{"rendered":"Zahlungsinformationen"},"content":{"rendered":"<p><strong>Bitte vor dem Bezahlen lesen.<\/strong><\/p>\n<ol>\n<li>Verwenden Sie die Auftragsnummer als Verwendungszweck f\u00fcr die Bank.<\/li>\n<li>Nach Abschluss der Zahlung senden Sie bitte den Kontoauszug an hello@vapesaler.com, danke!<\/li>\n<li>Bitte w\u00e4hlen Sie bei der Bezahlung \"SHA\", damit wir die Bankgeb\u00fchr gemeinsam tragen k\u00f6nnen.<\/li>\n<li>Akzeptierte W\u00e4hrungen: USD EUR GBP HKD CNH AUD CAD JPY CHF DKK NOK NZD SEK SGD ZAR<br \/>\nWenn Sie Ihre Bestellung in einer anderen W\u00e4hrung als US-Dollar bezahlen m\u00f6chten, kontaktieren Sie uns bitte, um den Betrag in der anderen W\u00e4hrung zu erfahren.<\/li>\n<li>Sie k\u00f6nnen \u00fcber Wise.com oder Revolut an unsere Bank zahlen, so dass Sie einige Bankgeb\u00fchren sparen und wir das Geld schneller erhalten k\u00f6nnen.<\/li>\n<\/ol>\n<h2><strong>Bankkonto:<\/strong><\/h2>\n<ul>\n<li><strong>Name des Beg\u00fcnstigtenkontos: <span style=\"color: #22a6b3;\">ENJOY TIMES GROUP BEGRENZT<\/span><\/strong><\/li>\n<li><strong>Kontonummer des Beg\u00fcnstigten: <span style=\"color: #22a6b3;\">63003710128<\/span><\/strong><\/li>\n<li><strong>SWIFT-Code:<\/strong> CHASHKHH<\/li>\n<li><strong>11 Zeichen SWIFT\/BIC-Code<\/strong>: CHASHKHHXXX<\/li>\n<li><strong>Name der Bank: <span style=\"color: #22a6b3;\">JPMORGAN Chase Bank N.A., Niederlassung Hongkong<\/span><\/strong><\/li>\n<li><strong>Adresse der Bank:<\/strong> 18\/F,20\/F,22-29\/F,CHATER HOUSE,8 CONNAUGHT ROAD CENTRAL, HONGKONG<\/li>\n<li><strong>Bankleitzahl:<\/strong>007<\/li>\n<li><strong>Bankleitzahl:<\/strong> 863 (bei Zahlungen von Banken in Hongkong)<\/li>\n<li>\n<div class=\"name_Mg4UL\"><strong>Zahlungsnachricht<\/strong>: Ihre Bestellnummer (z. B. V4W8681)<\/div>\n<\/li>\n<li>\n<div class=\"name_Mg4UL\">\n<p><strong>W\u00e4hrung unterst\u00fctzen:<\/strong> USD, EUR, GBP, AUD, CAD, NZD<\/p>\n<div>\n<div class=\"item_WK5AS\"><\/div>\n<\/div>\n<div><\/div>\n<\/div>\n<\/li>\n<\/ul>\n<p>Ihre Bestelldaten und Bankinformationen wurden an Ihre E-Mail-Adresse gesendet.<\/p>","protected":false},"excerpt":{"rendered":"<p>Please read before paying. Use the order number as the bank payment note. After the payment is completed, please send the bank statement to\u00a0hello@vapesaler.com, thanks! Please choose \u201cSHA\u201d while paying, so that we will jointly bear the bank fee. Acceptable currencies: USD EUR GBP HKD CNH AUD CAD JPY CHF DKK NOK NZD SEK SGD [&#8230;]\n","protected":false},"author":2,"featured_media":0,"parent":148,"menu_order":2,"comment_status":"closed","ping_status":"closed","template":"page-blank-sub-nav-vertical.php","meta":{"om_disable_all_campaigns":false,"footnotes":""},"class_list":["post-444","page","type-page","status-publish","hentry"],"aioseo_notices":[],"_links":{"self":[{"href":"https:\/\/vapesaler.com\/de\/wp-json\/wp\/v2\/pages\/444","targetHints":{"allow":["GET"]}}],"collection":[{"href":"https:\/\/vapesaler.com\/de\/wp-json\/wp\/v2\/pages"}],"about":[{"href":"https:\/\/vapesaler.com\/de\/wp-json\/wp\/v2\/types\/page"}],"author":[{"embeddable":true,"href":"https:\/\/vapesaler.com\/de\/wp-json\/wp\/v2\/users\/2"}],"replies":[{"embeddable":true,"href":"https:\/\/vapesaler.com\/de\/wp-json\/wp\/v2\/comments?post=444"}],"version-history":[{"count":0,"href":"https:\/\/vapesaler.com\/de\/wp-json\/wp\/v2\/pages\/444\/revisions"}],"up":[{"embeddable":true,"href":"https:\/\/vapesaler.com\/de\/wp-json\/wp\/v2\/pages\/148"}],"wp:attachment":[{"href":"https:\/\/vapesaler.com\/de\/wp-json\/wp\/v2\/media?parent=444"}],"curies":[{"name":"wp","href":"https:\/\/api.w.org\/{rel}","templated":true}]}}