{"id":871,"date":"2025-04-14T08:16:41","date_gmt":"2025-04-14T08:16:41","guid":{"rendered":"https:\/\/vapesaler.com\/?post_type=product&#038;p=871"},"modified":"2025-04-28T09:36:32","modified_gmt":"2025-04-28T09:36:32","slug":"bangking-disposable-vape-with-screen","status":"publish","type":"product","link":"https:\/\/vapesaler.com\/cs\/produkt\/bangking-jednorazovy-vape-s-obrazovkou","title":{"rendered":"BangKing Jednor\u00e1zov\u00fd vape s obrazovkou 36000 Puffs"},"content":{"rendered":"<p>BangKing Jednor\u00e1zov\u00fd vape s obrazovkou 36000 Puffs s designem hv\u011bzdn\u00e9ho znamen\u00ed zv\u011brokruhu, design dotykov\u00e9ho tla\u010d\u00edtka je tak\u00e9 pln\u00fd technologi\u00ed v celkov\u00e9m designu.<\/p>\n<p>M\u00e1 kapacitu 30 ml Liquid, kapacitu baterie 650 mha, nastaven\u00ed airflow a nastaven\u00ed airflow je mo\u017en\u00e9 pomoc\u00ed tla\u010d\u00edtka ve spodn\u00ed \u010d\u00e1sti.<\/p>\n<p id=\"brxe-sultlx\" class=\"brxe-product-title singal-product-title\">BangKing Constellation m\u00e1 36 000 \u0161luk\u016f, 12 p\u0159\u00edchut\u00ed, kter\u00e9 vydr\u017e\u00ed na 1 t\u00fdden vapov\u00e1n\u00ed, u\u017eijte si technologii a z\u00e1rove\u0148 za\u017eijte 12 \u00fa\u017easn\u00fdch ovocn\u00fdch p\u0159\u00edchut\u00ed. Je obl\u00edbenou volbou v\u011bt\u0161iny spot\u0159ebitel\u016f<\/p>\n<h2><strong>BangKing Jednor\u00e1zov\u00e1 vape s obrazovkou 36000 Puffs Rychl\u00e9 informace<\/strong><\/h2>\n<p><img decoding=\"async\" class=\"wp-image-885 alignright\" title=\"Jednor\u00e1zov\u00e1 vape s obrazovkou 36000 Puffs\" src=\"https:\/\/vapesaler.com\/wp-content\/uploads\/2025\/04\/Disposable-vape-with-screen-36000-Puffs-300x300.jpg\" alt=\"Jednor\u00e1zov\u00e1 vape s obrazovkou 36000 Puffs\" width=\"500\" height=\"500\" srcset=\"https:\/\/vapesaler.com\/wp-content\/uploads\/2025\/04\/Disposable-vape-with-screen-36000-Puffs-300x300.jpg 300w, https:\/\/vapesaler.com\/wp-content\/uploads\/2025\/04\/Disposable-vape-with-screen-36000-Puffs-150x150.jpg 150w, https:\/\/vapesaler.com\/wp-content\/uploads\/2025\/04\/Disposable-vape-with-screen-36000-Puffs-768x768.jpg 768w, https:\/\/vapesaler.com\/wp-content\/uploads\/2025\/04\/Disposable-vape-with-screen-36000-Puffs-12x12.jpg 12w, https:\/\/vapesaler.com\/wp-content\/uploads\/2025\/04\/Disposable-vape-with-screen-36000-Puffs-510x510.jpg 510w, https:\/\/vapesaler.com\/wp-content\/uploads\/2025\/04\/Disposable-vape-with-screen-36000-Puffs-100x100.jpg 100w, https:\/\/vapesaler.com\/wp-content\/uploads\/2025\/04\/Disposable-vape-with-screen-36000-Puffs.jpg 800w\" sizes=\"(max-width: 500px) 100vw, 500px\" \/><\/p>\n<ul>\n<li>Pufy: 28000<\/li>\n<li>Kapacita baterie: 650 mAh<\/li>\n<li>Objem e-kapaliny: 30ml<\/li>\n<li>Obsah nikotinu: 0\/20\/50mg<\/li>\n<li>Balen\u00ed: 10 kus\u016f v 1 krabi\u010dce<\/li>\n<li>Nab\u00edjec\u00ed typ C<\/li>\n<li>Displej nabit\u00e9ho a e-liquidu<\/li>\n<li>Odpor topn\u00e9ho dr\u00e1tu: S\u00ed\u0165ov\u00e9 j\u00e1dro: 1,0Q<\/li>\n<li>dotykov\u00e9 tla\u010d\u00edtko\/ovl\u00e1d\u00e1n\u00ed nap\u00e1jen\u00ed<\/li>\n<li>Design znamen\u00ed zv\u011brokruhu<\/li>\n<\/ul>\n<h2><strong>Seznam p\u0159\u00edchut\u00ed<\/strong><\/h2>\n<ol>\n<li>Blue Razz Ice<\/li>\n<li>Jahodov\u00fd meloun<\/li>\n<li>Melounov\u00fd led<\/li>\n<li>Jahodov\u00fd ban\u00e1n<\/li>\n<li>Tropick\u00e9 ovoce<\/li>\n<li>Trojit\u00fd led z bobul\u00ed<\/li>\n<li>\u0160\u0165avnat\u00fd broskvov\u00fd led<\/li>\n<li>Jahodov\u00e9 kiwi<\/li>\n<li>Broskvov\u00fd meloun Mango<\/li>\n<li>Kiwi Mu\u010denka Ovoce Guava<\/li>\n<li>Hroznov\u00fd led<\/li>\n<li>Pan Modr\u00fd<\/li>\n<\/ol>\n<h2><strong>Obsah balen\u00ed<\/strong><\/h2>\n<ul>\n<li>10 ks \/ st\u0159edn\u00ed krabice.<\/li>\n<li>100 ks\/karton<\/li>\n<\/ul>","protected":false},"excerpt":{"rendered":"<p>The BangKing Disposable vape With Screen 36000 Puffs with Zodiac Star Sign Design, the touch button design is also full of technology in the overall design. It has 30ml Liquid capacity, Battery 650mha capacity, airflow adjustment and airflow adjustment is possible through the push button at the bottom. The BangKing Constellation has 36,000puffs, 12 flavors [&#8230;]\n","protected":false},"featured_media":872,"comment_status":"open","ping_status":"closed","template":"","meta":{"om_disable_all_campaigns":false},"product_brand":[36],"product_cat":[34],"product_tag":[84,50,138],"class_list":{"0":"post-871","1":"product","2":"type-product","3":"status-publish","4":"has-post-thumbnail","6":"product_brand-bangking","7":"product_cat-full-screen","8":"product_tag-36000puffs","9":"product_tag-disposable-vape","10":"product_tag-touch-button","11":"pa_flavor-blue-razz-ice","12":"pa_flavor-grape-ice","13":"pa_flavor-juicy-peach-ice","14":"pa_flavor-kiwi-passion-fruit-guava","15":"pa_flavor-mr-blue","16":"pa_flavor-peach-mango-watermelon","17":"pa_flavor-strawberry-banana","18":"pa_flavor-strawberry-kiwi","19":"pa_flavor-strawberry-watermelon","20":"pa_flavor-triple-berry-ice","21":"pa_flavor-tropical-fruit","22":"pa_flavor-watermelon-ice","23":"pa_nicotine-0mg","24":"pa_nicotine-20mg","25":"pa_nicotine-50mg","26":"pa_puffs-36000-puffs","28":"first","29":"instock","30":"shipping-taxable","31":"purchasable","32":"product-type-variable"},"aioseo_notices":[],"_links":{"self":[{"href":"https:\/\/vapesaler.com\/cs\/wp-json\/wp\/v2\/product\/871","targetHints":{"allow":["GET"]}}],"collection":[{"href":"https:\/\/vapesaler.com\/cs\/wp-json\/wp\/v2\/product"}],"about":[{"href":"https:\/\/vapesaler.com\/cs\/wp-json\/wp\/v2\/types\/product"}],"replies":[{"embeddable":true,"href":"https:\/\/vapesaler.com\/cs\/wp-json\/wp\/v2\/comments?post=871"}],"wp:featuredmedia":[{"embeddable":true,"href":"https:\/\/vapesaler.com\/cs\/wp-json\/wp\/v2\/media\/872"}],"wp:attachment":[{"href":"https:\/\/vapesaler.com\/cs\/wp-json\/wp\/v2\/media?parent=871"}],"wp:term":[{"taxonomy":"product_brand","embeddable":true,"href":"https:\/\/vapesaler.com\/cs\/wp-json\/wp\/v2\/product_brand?post=871"},{"taxonomy":"product_cat","embeddable":true,"href":"https:\/\/vapesaler.com\/cs\/wp-json\/wp\/v2\/product_cat?post=871"},{"taxonomy":"product_tag","embeddable":true,"href":"https:\/\/vapesaler.com\/cs\/wp-json\/wp\/v2\/product_tag?post=871"}],"curies":[{"name":"wp","href":"https:\/\/api.w.org\/{rel}","templated":true}]}}