{"id":1681,"date":"2025-06-19T11:09:40","date_gmt":"2025-06-19T11:09:40","guid":{"rendered":"https:\/\/vapesaler.com\/?post_type=product&#038;p=1681"},"modified":"2025-06-19T11:09:41","modified_gmt":"2025-06-19T11:09:41","slug":"bang-king-tornado-35000-smart-screen-disposable-vape","status":"publish","type":"product","link":"https:\/\/vapesaler.com\/cs\/produkt\/bang-king-tornado-35000-smart-screen-jednorazovy-vape","title":{"rendered":"BANG KING TORNADO 35000 Smart Screen Vape na jedno pou\u017eit\u00ed"},"content":{"rendered":"<p>Jednor\u00e1zov\u00fd vape BANG KING TORNADO 35000 Smart Screen nov\u011b definuje jednor\u00e1zov\u00fd vaping d\u00edky sv\u00fdm nejmodern\u011bj\u0161\u00edm funkc\u00edm, kter\u00e9 jsou navr\u017eeny pro pohodl\u00ed i v\u00fdkon. Toto za\u0159\u00edzen\u00ed je ide\u00e1ln\u00ed pro vapery, kte\u0159\u00ed hledaj\u00ed dlouhou \u017eivotnost, p\u0159izp\u016fsoben\u00ed a bezpe\u010dnost, a je pln\u00e9 inovac\u00ed, kter\u00e9 pozvednou v\u00e1\u0161 z\u00e1\u017eitek.<\/p>\n<p>M\u011bjte v\u0161e pod kontrolou d\u00edky p\u0159ehledn\u00e9mu a snadno \u010diteln\u00e9mu chytr\u00e9mu displeji. V re\u00e1ln\u00e9m \u010dase sledujte v\u00fddr\u017e baterie, \u00farove\u0148 e-liquidu a nastaven\u00ed v\u00fdkonu. Technologie proti such\u00e9mu ho\u0159en\u00ed automaticky zabra\u0148uje p\u0159eh\u0159\u00e1t\u00ed p\u0159i vy\u010derp\u00e1n\u00ed e-liquidu a zaji\u0161\u0165uje hladkou a konzistentn\u00ed chu\u0165 a\u017e do posledn\u00edho \u0161luku. TORNADO 35000 je vybaven spir\u00e1lkou s dvojitou s\u00ed\u0165kou o pr\u016fm\u011bru 1,0\u03a9, kter\u00e1 poskytuje bohatou, intenzivn\u00ed chu\u0165 a masivn\u00ed produkci p\u00e1ry. Vychutnejte si ka\u017ed\u00fd t\u00f3n sv\u00e9ho obl\u00edben\u00e9ho e-liquidu jako nikdy p\u0159edt\u00edm. TORNADO 35000 je nap\u00e1jen bateri\u00ed s kapacitou 650 mAh a rychl\u00fdm nab\u00edjen\u00edm typu C, tak\u017ee udr\u017e\u00ed krok s va\u0161\u00edm \u017eivotn\u00edm stylem. Str\u00e1v\u00edte m\u00e9n\u011b \u010dasu nab\u00edjen\u00edm a v\u00edce \u010dasu vapov\u00e1n\u00edm. S v\u00fddr\u017e\u00ed a\u017e 35 000 potah\u016f tento jednor\u00e1zov\u00fd vape p\u0159ekon\u00e1v\u00e1 konkurenci. Jeho 30ml p\u0159edpln\u011bn\u00e1 n\u00e1dr\u017e znamen\u00e1 m\u00e9n\u011b v\u00fdm\u011bn a nekone\u010dnou spokojenost.<\/p>\n<h2><strong>BANG KING TORNADO 35000 Smart Screen Disposable Vape Rychl\u00e9 informace<\/strong><\/h2>\n<figure id=\"attachment_1718\" aria-describedby=\"caption-attachment-1718\" style=\"width: 500px\" class=\"wp-caption alignright\"><img decoding=\"async\" class=\"wp-image-1718\" title=\"BANG KING TORNADO 35000 Jednor\u00e1zov\u00e9 vape\" src=\"https:\/\/vapesaler.com\/wp-content\/uploads\/2025\/06\/BANG-KING-TORNADO-35000-Disposable-Vape-212x300.webp\" alt=\"BANG KING TORNADO 35000 Jednor\u00e1zov\u00e9 vape\" width=\"500\" height=\"708\" srcset=\"https:\/\/vapesaler.com\/wp-content\/uploads\/2025\/06\/BANG-KING-TORNADO-35000-Disposable-Vape-212x300.webp 212w, https:\/\/vapesaler.com\/wp-content\/uploads\/2025\/06\/BANG-KING-TORNADO-35000-Disposable-Vape-8x12.webp 8w, https:\/\/vapesaler.com\/wp-content\/uploads\/2025\/06\/BANG-KING-TORNADO-35000-Disposable-Vape-510x723.webp 510w, https:\/\/vapesaler.com\/wp-content\/uploads\/2025\/06\/BANG-KING-TORNADO-35000-Disposable-Vape.webp 600w\" sizes=\"(max-width: 500px) 100vw, 500px\" \/><figcaption id=\"caption-attachment-1718\" class=\"wp-caption-text\">BANG KING TORNADO 35000 Jednor\u00e1zov\u00e9 vape<\/figcaption><\/figure>\n<ul>\n<li><strong>Puffy<\/strong>: A\u017e 35 000<\/li>\n<li><strong>Kapacita e-kapaliny<\/strong>: 30 ml<\/li>\n<li><strong>Nikotin<\/strong>: 2%\/3%\/5%<\/li>\n<li><strong>Baterie<\/strong>: 650 mAh (dob\u00edjec\u00ed typ C)<\/li>\n<li><strong>C\u00edvka<\/strong>: 1,0\u03a9 Dual Mesh<\/li>\n<li><strong>Zobrazit<\/strong>: E-Liquid &amp; Power Monitor<\/li>\n<li><strong>Hmotnost<\/strong>: 100g<\/li>\n<li><strong>Balen\u00ed<\/strong>: 10ks\/box, 200ks\/ctn (20kg G.W.)<\/li>\n<\/ul>\n<h2><strong>Seznam p\u0159\u00edchut\u00ed:<\/strong><\/h2>\n<ol>\n<li>\u00a0Jahodov\u00e9 mango<\/li>\n<li>\u00a0Love66<\/li>\n<li>\u00a0Blue razz ice<\/li>\n<li>Jahodov\u00fd meloun<\/li>\n<li>Citronov\u00e1 m\u00e1ta<\/li>\n<li>\u00a0Dvojit\u00e9 jablko<\/li>\n<li>Energetick\u00fd n\u00e1poj<\/li>\n<li>\u00a0Broskvov\u00fd led<\/li>\n<li>\u00a0Jahodov\u00e9 kiwi<\/li>\n<li>\u00a0Hroznov\u00fd led<\/li>\n<li>\u00a0Bor\u016fvkov\u00fd led<\/li>\n<li>\u00a0Meloun<\/li>\n<\/ol>\n<h3><strong>Pro\u010d si vybrat BANG KING TORNADO 35000?<\/strong><\/h3>\n<ul>\n<li><strong>12 lahodn\u00fdch chut\u00ed<\/strong>: Prozkoumejte \u0161irokou \u0161k\u00e1lu odv\u00e1\u017en\u00fdch a osv\u011b\u017euj\u00edc\u00edch mo\u017enost\u00ed.<\/li>\n<li><strong>P\u0159enosn\u00e9 a lehk\u00e9<\/strong>: V\u00e1\u017een\u00ed jen <strong>100g<\/strong>, je ide\u00e1ln\u00ed pro pou\u017eit\u00ed na cest\u00e1ch.<\/li>\n<li><strong>Ekologick\u00e9 nab\u00edjen\u00ed<\/strong>: Dob\u00edjen\u00ed p\u0159es Type-C m\u00edsto vyhazov\u00e1n\u00ed bateri\u00ed.<\/li>\n<\/ul>\n<figure id=\"attachment_1719\" aria-describedby=\"caption-attachment-1719\" style=\"width: 900px\" class=\"wp-caption aligncenter\"><img decoding=\"async\" class=\"wp-image-1719 size-full\" title=\"BANG KING TORNADO 35000 puff\u016f Jednor\u00e1zov\u00e9 vape\" src=\"https:\/\/vapesaler.com\/wp-content\/uploads\/2025\/06\/BANG-KING-TORNADO-35000-puffs-Disposable-Vape.webp\" alt=\"BANG KING TORNADO 35000 puff\u016f Jednor\u00e1zov\u00e9 vape\" width=\"900\" height=\"600\" srcset=\"https:\/\/vapesaler.com\/wp-content\/uploads\/2025\/06\/BANG-KING-TORNADO-35000-puffs-Disposable-Vape.webp 900w, https:\/\/vapesaler.com\/wp-content\/uploads\/2025\/06\/BANG-KING-TORNADO-35000-puffs-Disposable-Vape-300x200.webp 300w, https:\/\/vapesaler.com\/wp-content\/uploads\/2025\/06\/BANG-KING-TORNADO-35000-puffs-Disposable-Vape-768x512.webp 768w, https:\/\/vapesaler.com\/wp-content\/uploads\/2025\/06\/BANG-KING-TORNADO-35000-puffs-Disposable-Vape-18x12.webp 18w, https:\/\/vapesaler.com\/wp-content\/uploads\/2025\/06\/BANG-KING-TORNADO-35000-puffs-Disposable-Vape-510x340.webp 510w\" sizes=\"(max-width: 900px) 100vw, 900px\" \/><figcaption id=\"caption-attachment-1719\" class=\"wp-caption-text\">BANG KING TORNADO 35000 puff\u016f Jednor\u00e1zov\u00e9 vape<\/figcaption><\/figure>","protected":false},"excerpt":{"rendered":"<p>The\u00a0BANG KING TORNADO 35000\u00a0Smart Screen Disposable Vape\u00a0redefines disposable vaping with its cutting-edge features, designed for both convenience and performance. Perfect for vapers seeking longevity, customization, and safety, this device is packed with innovations to elevate your experience. Stay in control with the clear, easy-to-read smart screen. Monitor battery life, e-liquid levels, and power settings in [&#8230;]\n","protected":false},"featured_media":1729,"comment_status":"open","ping_status":"closed","template":"","meta":{"om_disable_all_campaigns":false},"product_brand":[36],"product_cat":[15],"product_tag":[370,50,292],"class_list":{"0":"post-1681","1":"product","2":"type-product","3":"status-publish","4":"has-post-thumbnail","6":"product_brand-bangking","7":"product_cat-disposables","8":"product_tag-35000puffs","9":"product_tag-disposable-vape","10":"product_tag-led-display","11":"pa_flavor-blue-razz-ice","12":"pa_flavor-blueberry-ice","13":"pa_flavor-double-apple","14":"pa_flavor-energy-drink","15":"pa_flavor-grape-ice","16":"pa_flavor-lemon-mint","17":"pa_flavor-love66","18":"pa_flavor-peach-ice","19":"pa_flavor-strawberry-kiwi","20":"pa_flavor-strawberry-mango","21":"pa_flavor-strawberry-watermelon","22":"pa_flavor-watermelon","23":"pa_nicotine-20mg","24":"pa_nicotine-30mg","25":"pa_nicotine-50mg","26":"pa_puffs-35000-puffs","28":"first","29":"instock","30":"shipping-taxable","31":"purchasable","32":"product-type-variable"},"aioseo_notices":[],"_links":{"self":[{"href":"https:\/\/vapesaler.com\/cs\/wp-json\/wp\/v2\/product\/1681","targetHints":{"allow":["GET"]}}],"collection":[{"href":"https:\/\/vapesaler.com\/cs\/wp-json\/wp\/v2\/product"}],"about":[{"href":"https:\/\/vapesaler.com\/cs\/wp-json\/wp\/v2\/types\/product"}],"replies":[{"embeddable":true,"href":"https:\/\/vapesaler.com\/cs\/wp-json\/wp\/v2\/comments?post=1681"}],"wp:featuredmedia":[{"embeddable":true,"href":"https:\/\/vapesaler.com\/cs\/wp-json\/wp\/v2\/media\/1729"}],"wp:attachment":[{"href":"https:\/\/vapesaler.com\/cs\/wp-json\/wp\/v2\/media?parent=1681"}],"wp:term":[{"taxonomy":"product_brand","embeddable":true,"href":"https:\/\/vapesaler.com\/cs\/wp-json\/wp\/v2\/product_brand?post=1681"},{"taxonomy":"product_cat","embeddable":true,"href":"https:\/\/vapesaler.com\/cs\/wp-json\/wp\/v2\/product_cat?post=1681"},{"taxonomy":"product_tag","embeddable":true,"href":"https:\/\/vapesaler.com\/cs\/wp-json\/wp\/v2\/product_tag?post=1681"}],"curies":[{"name":"wp","href":"https:\/\/api.w.org\/{rel}","templated":true}]}}