{"id":1123,"date":"2025-04-22T07:32:30","date_gmt":"2025-04-22T07:32:30","guid":{"rendered":"https:\/\/vapesaler.com\/?post_type=product&#038;p=1123"},"modified":"2025-04-28T09:32:37","modified_gmt":"2025-04-28T09:32:37","slug":"bang-e-shisha-gold-42000-puffs-disposable-vape","status":"publish","type":"product","link":"https:\/\/vapesaler.com\/cs\/produkt\/bang-e-shisha-gold-42000-puffs-jednorazove-vape","title":{"rendered":"Bang E-shisha Gold 42000 Puffs Vape na jedno pou\u017eit\u00ed"},"content":{"rendered":"<p>O Bang E-shisha Gold 42000 Puffs Disposable Vape Tato vape, jednor\u00e1zov\u00e1 cigareta od spole\u010dnosti Bang, kterou lze kombinovat s vodn\u00ed d\u00fdmkou. Lze ji tak\u00e9 pou\u017e\u00edvat jako b\u011b\u017enou e-cigaretu.<br \/>\nM\u00e1 kapacitu baterie 1000 mAh, 40 ml liquidu, tla\u010d\u00edtko ve spodn\u00ed \u010d\u00e1sti pro regulaci proud\u011bn\u00ed vzduchu a LED displej. Cartridge s du\u00e1ln\u00edmi oky 0,6 ohm poskytuje vysok\u00fd v\u00fdkon a produkuje kou\u0159 masivn\u00ed jako kou\u0159 z vodn\u00ed d\u00fdmky.<br \/>\nBang E-shisha je navr\u017eena s celozlat\u00fdm v\u00e1lcem, kter\u00fd dod\u00e1v\u00e1 v\u00fdrobku pocit luxusu. Jeho p\u0159\u00edchut\u011b jsou vyvinuty p\u0159esn\u011b ve stejn\u00e9m stylu jako vodn\u00ed d\u00fdmka. Siln\u00fd sloupec aromatu vodn\u00ed d\u00fdmky v kombinaci s obrovsk\u00fdm objemem kou\u0159e je p\u0159ipraven k pou\u017eit\u00ed kdekoli a kdykoli. Je nejlep\u0161\u00ed volbou pro z\u00e1kazn\u00edky, kte\u0159\u00ed miluj\u00ed styl vodn\u00ed d\u00fdmky.<\/p>\n<h2><strong>Bang E-shisha Gold 42000 Puffs Jednor\u00e1zov\u00e9 Vape Rychl\u00e9 informace<\/strong><\/h2>\n<p><img decoding=\"async\" class=\"wp-image-1122 alignright\" title=\"Bang E shisha Gold 42000 Puffs jednor\u00e1zov\u00e9 vape 1\" src=\"https:\/\/vapesaler.com\/wp-content\/uploads\/2025\/04\/Bang-E-shisha-Gold-42000-Puffs-disposable-vape-1-192x300.jpg\" alt=\"Bang E shisha Gold 42000 Puffs jednor\u00e1zov\u00e9 vape 1\" width=\"500\" height=\"781\" srcset=\"https:\/\/vapesaler.com\/wp-content\/uploads\/2025\/04\/Bang-E-shisha-Gold-42000-Puffs-disposable-vape-1-192x300.jpg 192w, https:\/\/vapesaler.com\/wp-content\/uploads\/2025\/04\/Bang-E-shisha-Gold-42000-Puffs-disposable-vape-1-656x1024.jpg 656w, https:\/\/vapesaler.com\/wp-content\/uploads\/2025\/04\/Bang-E-shisha-Gold-42000-Puffs-disposable-vape-1-768x1199.jpg 768w, https:\/\/vapesaler.com\/wp-content\/uploads\/2025\/04\/Bang-E-shisha-Gold-42000-Puffs-disposable-vape-1-8x12.jpg 8w, https:\/\/vapesaler.com\/wp-content\/uploads\/2025\/04\/Bang-E-shisha-Gold-42000-Puffs-disposable-vape-1-510x796.jpg 510w, https:\/\/vapesaler.com\/wp-content\/uploads\/2025\/04\/Bang-E-shisha-Gold-42000-Puffs-disposable-vape-1.jpg 800w\" sizes=\"(max-width: 500px) 100vw, 500px\" \/><\/p>\n<ul>\n<li>Puffy: 42000 Puff\u016f<\/li>\n<li>Kapacita baterie: 1000 mAh<\/li>\n<li>Objem e-kapaliny: 40ml<\/li>\n<li>Obsah nikotinu: 0\/20\/50mg<\/li>\n<li>Balen\u00ed: 10 kus\u016f v 1 st\u0159edn\u00ed krabici<\/li>\n<li>Led displej p\u0159es celou obrazovku<\/li>\n<li>\n<div>Nab\u00edjec\u00ed typ C<\/div>\n<\/li>\n<li>\u0159\u00edzen\u00ed proud\u011bn\u00ed vzduchu<\/li>\n<li>\n<div>Displej nabit\u00e9ho a e-liquidu<\/div>\n<\/li>\n<li>Odpor topn\u00e9ho dr\u00e1tu: dvojit\u00e9 j\u00e1dro 0,6,0Q.<\/li>\n<\/ul>\n<h2><strong>Chu\u0165\uff1a<\/strong><\/h2>\n<ol>\n<li><strong>m\u00e1ta<\/strong><\/li>\n<li><strong>bor\u016fvkov\u00e1 m\u00e1ta<\/strong><\/li>\n<li><strong>dvojit\u00e1 jablka<\/strong><\/li>\n<li><strong>broskvov\u00fd led<\/strong><\/li>\n<li><strong>bor\u016fvka malina<\/strong><\/li>\n<li><strong>bor\u016fvkov\u00fd led<\/strong><\/li>\n<li><strong>bor\u016fvka broskev<\/strong><\/li>\n<li><strong>meloun<\/strong><\/li>\n<li><strong>jahodov\u00fd meloun<\/strong><\/li>\n<li><strong>jahodov\u00e9 li\u010di<\/strong><\/li>\n<li><strong>hroznov\u00e1 m\u00e1ta<\/strong><\/li>\n<li><strong>sm\u011bs ovoce<\/strong><\/li>\n<\/ol>\n<h2><strong>Obsah balen\u00ed<\/strong><\/h2>\n<ul>\n<li>Na krabici<strong>:<\/strong> 8 jednotek<\/li>\n<li>Hmotnost<strong>:<\/strong>\n<ul>\n<li>Jednotliv\u00e1 jednotka: 146g<\/li>\n<li>8 jednotek: 1224g<\/li>\n<\/ul>\n<\/li>\n<li>Rozm\u011bry kartonu<strong>:<\/strong>\u00a054 x 42,6 x 28,8 cm<\/li>\n<li>Hrub\u00e1 hmotnost: 25,5 kg<\/li>\n<\/ul>","protected":false},"excerpt":{"rendered":"<p>About Bang E-shisha Gold 42000 Puffs Disposable Vape This vape, a disposable cigarette from Bang that can be combined with a hookah. It can also be used as a regular e-cigarette. It has a 1000mAh battery capacity, 40ml liquid capacity, a push button at the bottom to regulate the airflow and an LED display. The [&#8230;]\n","protected":false},"featured_media":1099,"comment_status":"open","ping_status":"closed","template":"","meta":{"om_disable_all_campaigns":false},"product_brand":[81],"product_cat":[15],"product_tag":[50,104,199],"class_list":{"0":"post-1123","1":"product","2":"type-product","3":"status-publish","4":"has-post-thumbnail","6":"product_brand-bang","7":"product_cat-disposables","8":"product_tag-disposable-vape","9":"product_tag-dual-mesh","10":"product_tag-e-shisha","11":"pa_flavor-blueberry-ice","12":"pa_flavor-blueberry-mint","13":"pa_flavor-blueberry-peach","14":"pa_flavor-blueberry-raspberry","15":"pa_flavor-double-apples","16":"pa_flavor-grape-mint","17":"pa_flavor-mint","18":"pa_flavor-mixed-fruit","19":"pa_flavor-peach-ice","20":"pa_flavor-strawberry-lychee","21":"pa_flavor-strawberry-watermelon","22":"pa_flavor-watermelon","23":"pa_nicotine-0mg","24":"pa_nicotine-20mg","25":"pa_nicotine-50mg","26":"pa_puffs-42000puffs","28":"first","29":"instock","30":"shipping-taxable","31":"purchasable","32":"product-type-variable"},"aioseo_notices":[],"_links":{"self":[{"href":"https:\/\/vapesaler.com\/cs\/wp-json\/wp\/v2\/product\/1123","targetHints":{"allow":["GET"]}}],"collection":[{"href":"https:\/\/vapesaler.com\/cs\/wp-json\/wp\/v2\/product"}],"about":[{"href":"https:\/\/vapesaler.com\/cs\/wp-json\/wp\/v2\/types\/product"}],"replies":[{"embeddable":true,"href":"https:\/\/vapesaler.com\/cs\/wp-json\/wp\/v2\/comments?post=1123"}],"wp:featuredmedia":[{"embeddable":true,"href":"https:\/\/vapesaler.com\/cs\/wp-json\/wp\/v2\/media\/1099"}],"wp:attachment":[{"href":"https:\/\/vapesaler.com\/cs\/wp-json\/wp\/v2\/media?parent=1123"}],"wp:term":[{"taxonomy":"product_brand","embeddable":true,"href":"https:\/\/vapesaler.com\/cs\/wp-json\/wp\/v2\/product_brand?post=1123"},{"taxonomy":"product_cat","embeddable":true,"href":"https:\/\/vapesaler.com\/cs\/wp-json\/wp\/v2\/product_cat?post=1123"},{"taxonomy":"product_tag","embeddable":true,"href":"https:\/\/vapesaler.com\/cs\/wp-json\/wp\/v2\/product_tag?post=1123"}],"curies":[{"name":"wp","href":"https:\/\/api.w.org\/{rel}","templated":true}]}}